{"id":628,"date":"2022-04-02T22:28:41","date_gmt":"2022-04-02T20:28:41","guid":{"rendered":"https:\/\/c-kurre.de\/wordpress\/?page_id=628"},"modified":"2022-04-02T23:16:15","modified_gmt":"2022-04-02T21:16:15","slug":"jobs","status":"publish","type":"page","link":"https:\/\/c-kurre.de\/wordpress\/index.php\/jobs\/","title":{"rendered":"Jobs"},"content":{"rendered":"<section  class='av_textblock_section av-l1icrzdo-44c234f9058ca7e9f587bebb450ff068'  itemscope=\"itemscope\" itemtype=\"https:\/\/schema.org\/CreativeWork\" ><div class='avia_textblock'  itemprop=\"text\" ><h1 id=\"viewad-title\" class=\"boxedarticle--title\" data-soldlabel=\"Stelle besetzt\">Hilfsarbeiter (m\/w\/d)<\/h1>\n<\/div><\/section>\n<section  class='av_textblock_section av-l1icrfbm-d107ab2079ae4b38e1c0038e2855d223'  itemscope=\"itemscope\" itemtype=\"https:\/\/schema.org\/CreativeWork\" ><div class='avia_textblock'  itemprop=\"text\" ><p>Deine Aufgaben:<br \/>\n\u2022 Unterst\u00fctzung bei der Montage von Fenster und T\u00fcren<br \/>\n\u2022 Maschinenbedienung<br \/>\n\u2022 Allgemeine Lagert\u00e4tigkeiten<\/p>\n<p>Dein Profil:<br \/>\n\u2022 handwerkliches Geschick<br \/>\n\u2022 besondere Sorgfalt, Genauigkeit und Zuverl\u00e4ssigkeit<\/p>\n<p>Unser Angebot:<br \/>\n\u2022 Vollzeitstelle<br \/>\n\u2022 langfristige Perspektive<br \/>\n\u2022 Sicherheit eines leistungsstarken Arbeitgebers<br \/>\n\u2022 angenehmes Arbeitsumfeld<br \/>\n\u2022 qualifizierte Einarbeitung im Produktionsbereich<\/p>\n<\/div><\/section>\n\n<style type=\"text\/css\" data-created_by=\"avia_inline_auto\" id=\"style-css-av-l1icx3ix-2a5c38b890d125dab92c6955d2969c16\">\n#top .av-rotator-container.av-l1icx3ix-2a5c38b890d125dab92c6955d2969c16{\ntext-align:left;\ncolor:#af1313;\nmargin:50px 100px 100px 100px;\n}\n<\/style>\n<div  class='av-rotator-container av-rotation-container-left av-l1icx3ix-2a5c38b890d125dab92c6955d2969c16  avia-builder-el-2  el_after_av_textblock  el_before_av_textblock  av-after-rotation-text-active' data-interval='3' data-animation='0'><h3 class='av-rotator-container-inner'>Neugierig geworden?<span class='av-rotator-text av-rotator-multiline-on'>\n<span class='av-rotator-text-single av-l1icufb8-7bab007187947db93573a60372854c30 av-rotator-text-single-1'>Dann<\/span>\n<span class='av-rotator-text-single av-l1icu939-857aa79e4d84401142db4373f3ffa111 av-rotator-text-single-2'>komm spontan vorbei<\/span>\n<span class='av-rotator-text-single av-l1icv21w-9b88e79b77d6c18b87d0f4c8932dd2f0 av-rotator-text-single-3'>ruf uns an<\/span>\n<span class='av-rotator-text-single av-l1icvgj9-3d86af612b935ae2a67b3178a031ab92 av-rotator-text-single-4'>schreib uns einfach an<\/span>\n<span class='av-rotator-text-single av-l1icvni0-cfcad4c931fbbabeb8e6571c6d81931c av-rotator-text-single-5'>per Mail<\/span>\n<span class='av-rotator-text-single av-l1icvxxz-c5070993c09721cdb2cb5bffbbc90757 av-rotator-text-single-6'>per WhatsApp<\/span>\n<\/span>04497 \/ 85 818 40<\/h3><\/div>\n<section  class='av_textblock_section av-l1id3gzt-3507b64e1d08f1028e6144b77ef8ad15'  itemscope=\"itemscope\" itemtype=\"https:\/\/schema.org\/CreativeWork\" ><div class='avia_textblock'  itemprop=\"text\" ><h1 id=\"viewad-title\" class=\"boxedarticle--title\" data-soldlabel=\"Stelle besetzt\">Produktionshelfer (m\/w\/d)<\/h1>\n<\/div><\/section>\n<section  class='av_textblock_section av-l1id44m5-01b94d88bb34eecf5475e1565cdbd5cf'  itemscope=\"itemscope\" itemtype=\"https:\/\/schema.org\/CreativeWork\" ><div class='avia_textblock'  itemprop=\"text\" ><p>Deine Aufgaben:<br \/>\n\u2022 Produktion von Fensterelementen<br \/>\n\u2022 Maschinenbedienung<br \/>\n\u2022 Allgemeine Lagert\u00e4tigkeiten<\/p>\n<p>Dein Profil:<br \/>\n\u2022 handwerkliches Geschick<br \/>\n\u2022 besondere Sorgfalt, Genauigkeit und Zuverl\u00e4ssigkeit<\/p>\n<p>Unser Angebot:<br \/>\n\u2022 Vollzeitstelle<br \/>\n\u2022 langfristige Perspektive<br \/>\n\u2022 Sicherheit eines leistungsstarken Arbeitgebers<br \/>\n\u2022 angenehmes Arbeitsumfeld<br \/>\n\u2022 qualifizierte Einarbeitung im Produktionsbereich<\/p>\n<\/div><\/section>\n\n<style type=\"text\/css\" data-created_by=\"avia_inline_auto\" id=\"style-css-av-av_headline_rotator-72db78904045b4265ccb83a6065d23e5\">\n#top .av-rotator-container.av-av_headline_rotator-72db78904045b4265ccb83a6065d23e5{\ntext-align:left;\ncolor:#af1313;\nmargin:50px 100px 100px 100px;\n}\n<\/style>\n<div  class='av-rotator-container av-rotation-container-left av-av_headline_rotator-72db78904045b4265ccb83a6065d23e5  avia-builder-el-5  el_after_av_textblock  el_before_av_textblock  av-after-rotation-text-active' data-interval='3' data-animation='0'><h3 class='av-rotator-container-inner'>Neugierig geworden?<span class='av-rotator-text av-rotator-multiline-on'>\n<span class='av-rotator-text-single av-av_rotator_item-8f247d08a9bb6972621fe0cbac9544c5 av-rotator-text-single-1'>Dann<\/span>\n<span class='av-rotator-text-single av-av_rotator_item-86be3631de324e55e146e305d0421646 av-rotator-text-single-2'>komm spontan vorbei<\/span>\n<span class='av-rotator-text-single av-av_rotator_item-f17fb55effb7ad3e2be8ff887ec99e31 av-rotator-text-single-3'>ruf uns an<\/span>\n<span class='av-rotator-text-single av-av_rotator_item-0052961908d93d38e794351fc0e911b2 av-rotator-text-single-4'>schreib uns einfach an<\/span>\n<span class='av-rotator-text-single av-av_rotator_item-6c6f2bf41cb61ca5c6ce7e707d007cbf av-rotator-text-single-5'>per Mail<\/span>\n<span class='av-rotator-text-single av-av_rotator_item-80c3f1af7da523597e45923466ca55f6 av-rotator-text-single-6'>per WhatsApp<\/span>\n<\/span>04497 \/ 85 818 40<\/h3><\/div>\n<section  class='av_textblock_section av-l1id5bl0-bb69cec0fd47bdea01ff027cd4210e52'  itemscope=\"itemscope\" itemtype=\"https:\/\/schema.org\/CreativeWork\" ><div class='avia_textblock'  itemprop=\"text\" ><h1 id=\"viewad-title\" class=\"boxedarticle--title\" data-soldlabel=\"Stelle besetzt\">Servicemonteur (m\/w\/d) &#8211; Schreiner (m\/w\/d) &#8211; Tischler (m\/w\/d)<\/h1>\n<\/div><\/section>\n<section  class='av_textblock_section av-l1id5xx6-727dd29f4adb4dff0c35e3b87d5d6817'  itemscope=\"itemscope\" itemtype=\"https:\/\/schema.org\/CreativeWork\" ><div class='avia_textblock'  itemprop=\"text\" ><p>Deine Aufgaben:<br \/>\n\u2022 Montage von Fenster und Haust\u00fcrelementen.<br \/>\n\u2022 Erledigung von Reparaturen<\/p>\n<p>Dein Profil:<br \/>\n\u2022 Abgeschlossene Berufsausbildung als Schreiner, Tischler, Holzmechaniker, Zimmerer.<br \/>\n\u2022 F\u00fchrerschein Klasse B.<br \/>\n\u2022 Berufserfahrung im Einbau von Fenster und T\u00fcren.<br \/>\n\u2022 Verantwortungsbewusstsein, Zuverl\u00e4ssigkeit, Belastbarkeit und Flexibilit\u00e4t.<br \/>\n\u2022 Kenntnisse im Lesen von Technischen Zeichnungen und Aufma\u00dfen.<\/p>\n<p>Unser Angebot:<br \/>\n\u2022 Eine ausf\u00fchrliche Einarbeitung<br \/>\n\u2022 Abwechslungsreiche und interessante T\u00e4tigkeit in einem kollegialen und teamorientieren Arbeitsumfeld.<br \/>\n\u2022 Einen sicheren Arbeitsplatz in einem erfolgreichen Familienunternehmen.<br \/>\n\u2022 Ein unbefristetes Besch\u00e4ftigungsverh\u00e4ltnis mit leistungsgerechter Verg\u00fctung.<\/p>\n<\/div><\/section>\n\n<style type=\"text\/css\" data-created_by=\"avia_inline_auto\" id=\"style-css-av-av_headline_rotator-72db78904045b4265ccb83a6065d23e5\">\n#top .av-rotator-container.av-av_headline_rotator-72db78904045b4265ccb83a6065d23e5{\ntext-align:left;\ncolor:#af1313;\nmargin:50px 100px 100px 100px;\n}\n<\/style>\n<div  class='av-rotator-container av-rotation-container-left av-av_headline_rotator-72db78904045b4265ccb83a6065d23e5  avia-builder-el-8  el_after_av_textblock  avia-builder-el-last  av-after-rotation-text-active' data-interval='3' data-animation='0'><h3 class='av-rotator-container-inner'>Neugierig geworden?<span class='av-rotator-text av-rotator-multiline-on'>\n<span class='av-rotator-text-single av-av_rotator_item-8f247d08a9bb6972621fe0cbac9544c5 av-rotator-text-single-1'>Dann<\/span>\n<span class='av-rotator-text-single av-av_rotator_item-86be3631de324e55e146e305d0421646 av-rotator-text-single-2'>komm spontan vorbei<\/span>\n<span class='av-rotator-text-single av-av_rotator_item-f17fb55effb7ad3e2be8ff887ec99e31 av-rotator-text-single-3'>ruf uns an<\/span>\n<span class='av-rotator-text-single av-av_rotator_item-0052961908d93d38e794351fc0e911b2 av-rotator-text-single-4'>schreib uns einfach an<\/span>\n<span class='av-rotator-text-single av-av_rotator_item-6c6f2bf41cb61ca5c6ce7e707d007cbf av-rotator-text-single-5'>per Mail<\/span>\n<span class='av-rotator-text-single av-av_rotator_item-80c3f1af7da523597e45923466ca55f6 av-rotator-text-single-6'>per WhatsApp<\/span>\n<\/span>04497 \/ 85 818 40<\/h3><\/div>\n","protected":false},"excerpt":{"rendered":"","protected":false},"author":1,"featured_media":0,"parent":0,"menu_order":0,"comment_status":"closed","ping_status":"closed","template":"","meta":{"footnotes":""},"class_list":["post-628","page","type-page","status-publish","hentry"],"_links":{"self":[{"href":"https:\/\/c-kurre.de\/wordpress\/index.php\/wp-json\/wp\/v2\/pages\/628","targetHints":{"allow":["GET"]}}],"collection":[{"href":"https:\/\/c-kurre.de\/wordpress\/index.php\/wp-json\/wp\/v2\/pages"}],"about":[{"href":"https:\/\/c-kurre.de\/wordpress\/index.php\/wp-json\/wp\/v2\/types\/page"}],"author":[{"embeddable":true,"href":"https:\/\/c-kurre.de\/wordpress\/index.php\/wp-json\/wp\/v2\/users\/1"}],"replies":[{"embeddable":true,"href":"https:\/\/c-kurre.de\/wordpress\/index.php\/wp-json\/wp\/v2\/comments?post=628"}],"version-history":[{"count":8,"href":"https:\/\/c-kurre.de\/wordpress\/index.php\/wp-json\/wp\/v2\/pages\/628\/revisions"}],"predecessor-version":[{"id":706,"href":"https:\/\/c-kurre.de\/wordpress\/index.php\/wp-json\/wp\/v2\/pages\/628\/revisions\/706"}],"wp:attachment":[{"href":"https:\/\/c-kurre.de\/wordpress\/index.php\/wp-json\/wp\/v2\/media?parent=628"}],"curies":[{"name":"wp","href":"https:\/\/api.w.org\/{rel}","templated":true}]}}