{"id":484,"date":"2022-03-23T15:27:10","date_gmt":"2022-03-23T14:27:10","guid":{"rendered":"https:\/\/c-kurre.de\/wordpress\/?page_id=484"},"modified":"2023-05-24T08:43:58","modified_gmt":"2023-05-24T06:43:58","slug":"raffstore","status":"publish","type":"page","link":"https:\/\/c-kurre.de\/wordpress\/index.php\/raffstore\/","title":{"rendered":"Raffstore"},"content":{"rendered":"<div class='flex_column av-3dbno-bb926139897748fd21f8adac16e3b240 av_two_third  avia-builder-el-0  el_before_av_one_third  avia-builder-el-first  first flex_column_div '   ><section  class='av_textblock_section av-l13q49jj-0130d979c87dbfebc101397db9acfd43'  itemscope=\"itemscope\" itemtype=\"https:\/\/schema.org\/CreativeWork\" ><div class='avia_textblock'  itemprop=\"text\" ><h1>Rollladen, Raffstoren und<br \/>\nTextilscreens aus Deutschland<\/h1>\n<\/div><\/section><\/div>\n<div class='flex_column av-sldh0-2d451dcc873012986c2ecbfbbf661ba7 av_one_third  avia-builder-el-2  el_after_av_two_third  el_before_av_one_half  flex_column_div '   ><style type=\"text\/css\" data-created_by=\"avia_inline_auto\" id=\"style-css-av-l13qf3tj-799371422c2129eec3510caa6e749346\">\n.avia-image-container.av-l13qf3tj-799371422c2129eec3510caa6e749346 .av-image-caption-overlay-center{\ncolor:#ffffff;\n}\n<\/style>\n<div  class='avia-image-container av-l13qf3tj-799371422c2129eec3510caa6e749346 av-styling- avia-align-center  avia-builder-el-3  avia-builder-el-no-sibling '  itemprop=\"image\" itemscope=\"itemscope\" itemtype=\"https:\/\/schema.org\/ImageObject\" ><div class=\"avia-image-container-inner\"><div class=\"avia-image-overlay-wrap\"><img decoding=\"async\" class='wp-image-495 avia-img-lazy-loading-not-495 avia_image' src=\"https:\/\/c-kurre.de\/wordpress\/wp-content\/uploads\/2022\/03\/Roma-80x80.gif\" alt='' title='Roma'  height=\"80\" width=\"80\"  itemprop=\"thumbnailUrl\" srcset=\"https:\/\/c-kurre.de\/wordpress\/wp-content\/uploads\/2022\/03\/Roma-80x80.gif 80w, https:\/\/c-kurre.de\/wordpress\/wp-content\/uploads\/2022\/03\/Roma-300x298.gif 300w, https:\/\/c-kurre.de\/wordpress\/wp-content\/uploads\/2022\/03\/Roma-36x36.gif 36w, https:\/\/c-kurre.de\/wordpress\/wp-content\/uploads\/2022\/03\/Roma-180x180.gif 180w\" sizes=\"(max-width: 80px) 100vw, 80px\" \/><\/div><\/div><\/div><\/div>\n<div class='flex_column av-kqu6c-5f73bf9b3e87950a7425caae4596f277 av_one_half  avia-builder-el-4  el_after_av_one_third  el_before_av_one_half  first flex_column_div column-top-margin'   ><section  class='av_textblock_section av-l13q56nw-b8963b62aae55615016dea3a5b2e8598'  itemscope=\"itemscope\" itemtype=\"https:\/\/schema.org\/CreativeWork\" ><div class='avia_textblock'  itemprop=\"text\" ><p>Als Marktf\u00fchrer im Bereich Sonnenschutzsysteme entwickelt ROMA Rollladen, Raffstoren und Textilscreens, die zus\u00e4tzliche Funktionen bieten. Vor allem die Themen Klimaregulierung, Sicherheit und Energieeffizienz fordern immer wieder neue L\u00f6sungen. Bei Raffstoren im Speziellen dreht sich vieles um das Thema Atmosph\u00e4re.<br \/>\nUnserer langj\u00e4hrigen Erfahrung verdanken wir nicht nur intelligente und innovative Raffstoren-L\u00f6sungen, sondern auch unseren Ruf als DIE Marke vor dem Fenster.<br \/>\nIhr Fachbetrieb f\u00fcr Sonnenschutz ber\u00e4t Sie gerne n\u00e4her. Auch Ihr Architekt wei\u00df \u00fcber die vielf\u00e4ltigen Gestaltungsm\u00f6glichkeiten Bescheid.<\/p>\n<\/div><\/section><\/div>\n<div class='flex_column av-hl8o4-7f2b8d9c295db4528c75e90952fb80c7 av_one_half  avia-builder-el-6  el_after_av_one_half  el_before_av_fullscreen  avia-builder-el-last  flex_column_div column-top-margin'   ><section  class='av_textblock_section av-l13q5fl5-a30588f1e8da7b282551b14c7a9b92e8'  itemscope=\"itemscope\" itemtype=\"https:\/\/schema.org\/CreativeWork\" ><div class='avia_textblock'  itemprop=\"text\" ><p><strong>Weltneuheit ROMA CDL<\/strong><br \/>\nDas Tageslicht stufenlos lenken und dennoch Einblicke und direkte Sonnenstrahlung abhalten. Willkommen in der Zukunft mit unserer neuen Comfort- und Design Lamelle CDL.<\/p>\n<p><strong>ROMA ist Marke des Jahrhunderts f\u00fcr Rollladen.<\/strong><br \/>\nSo wurde ROMA 2016, 2018 und 2022<br \/>\nin das Markenkompendium von Herausgeber<br \/>\nund Verleger Dr. Langenscheidt aufgenommen.<\/p>\n<\/div><\/section><\/div>\n<\/div><\/div><\/div><!-- close content main div --><\/div><\/div><div   class='avia-fullscreen-slider main_color   avia-builder-el-8  el_after_av_one_half  el_before_av_image  slider-not-first container_wrap sidebar_right'  >\n<style type=\"text\/css\" data-created_by=\"avia_inline_auto\" id=\"style-css-av-l13r54yg-dd5e18039c79b9eac55ec60c2ceb2e35\">\n#top #wrap_all .avia-slideshow .av-slideshow-caption.av-l13r54yg-dd5e18039c79b9eac55ec60c2ceb2e35__0 .avia-caption-title{\nfont-size:30px;\ncolor:#ffffff;\n}\n#top .avia-slideshow .av-slideshow-caption.av-l13r54yg-dd5e18039c79b9eac55ec60c2ceb2e35__0 .avia-caption-content{\nfont-size:30px;\n}\n#top .avia-slideshow .av-slideshow-caption.av-l13r54yg-dd5e18039c79b9eac55ec60c2ceb2e35__0 .avia-caption-content p{\nfont-size:30px;\n}\n#top #wrap_all .avia-slideshow .av-slideshow-caption.av-l13r54yg-dd5e18039c79b9eac55ec60c2ceb2e35__1 .avia-caption-title{\nfont-size:30px;\ncolor:#ffffff;\n}\n#top .avia-slideshow .av-slideshow-caption.av-l13r54yg-dd5e18039c79b9eac55ec60c2ceb2e35__1 .avia-caption-content{\nfont-size:30px;\n}\n#top .avia-slideshow .av-slideshow-caption.av-l13r54yg-dd5e18039c79b9eac55ec60c2ceb2e35__1 .avia-caption-content p{\nfont-size:30px;\n}\n#top #wrap_all .avia-slideshow .av-slideshow-caption.av-l13r54yg-dd5e18039c79b9eac55ec60c2ceb2e35__2 .avia-caption-title{\nfont-size:30px;\ncolor:#ffffff;\n}\n#top .avia-slideshow .av-slideshow-caption.av-l13r54yg-dd5e18039c79b9eac55ec60c2ceb2e35__2 .avia-caption-content{\nfont-size:30px;\n}\n#top .avia-slideshow .av-slideshow-caption.av-l13r54yg-dd5e18039c79b9eac55ec60c2ceb2e35__2 .avia-caption-content p{\nfont-size:30px;\n}\n<\/style>\n<div  class='avia-slideshow av-l13r54yg-dd5e18039c79b9eac55ec60c2ceb2e35 av-control-hidden avia-slideshow-large av_fullscreen avia-fade-slider av-default-height-applied   avia-slideshow-1'  data-size='large'  data-lightbox_size='large'  data-animation='fade'  data-conditional_play=''  data-ids='498,508,515'  data-video_counter='0'  data-autoplay='true'  data-bg_slider='true'  data-slide_height='100'  data-handle='av_fullscreen'  data-interval='7'  data-class=''  data-extra_class=' '  data-el_id=''  data-css_id='fullscreen_slider_1'  data-scroll_down=''  data-control_layout='av-control-hidden'  data-custom_markup=''  data-perma_caption=''  data-autoplay_stopper=''  data-image_attachment=''  data-min_height='0px'  data-lazy_loading='disabled'  data-default-height='70.582524271845'  data-img_scrset=''  data-av-desktop-hide=''  data-av-medium-hide=''  data-av-small-hide=''  data-av-mini-hide=''  data-id=''  data-custom_class=''  data-template_class=''  data-av_uid='av-l13r54yg'  data-sc_version='1.0'  data-stretch=''  data-heading_tag=''  data-heading_class=''   itemprop=\"image\" itemscope=\"itemscope\" itemtype=\"https:\/\/schema.org\/ImageObject\" ><ul class='avia-slideshow-inner ' style='padding-bottom: 70.582524271845%;'><li style='background-position:top left;' data-img-url='https:\/\/c-kurre.de\/wordpress\/wp-content\/uploads\/2022\/03\/Sonnenschutz_1-1030x727.jpg' class='avia-slideshow-slide av-l13r54yg-dd5e18039c79b9eac55ec60c2ceb2e35__0  slide-1 ' ><div data-rel='slideshow-1' class='avia-slide-wrap '   ><div class='av-slideshow-caption av-l13r54yg-dd5e18039c79b9eac55ec60c2ceb2e35__0 caption_fullwidth caption_bottom'><div class=\"container caption_container\"><div class=\"slideshow_caption\"><div class=\"slideshow_inner_caption\"><div class=\"slideshow_align_caption\"><h2 class='avia-caption-title '  itemprop=\"name\" >Das einzige Sonnenschutzmittel,  das sich Ihrer Stimmung anpasst.<\/h2><\/div><\/div><\/div><\/div><\/div><\/div><\/li><li style='background-position:top left;' data-img-url='https:\/\/c-kurre.de\/wordpress\/wp-content\/uploads\/2022\/03\/Sonnenschutz_3-1030x727.jpg' class='avia-slideshow-slide av-l13r54yg-dd5e18039c79b9eac55ec60c2ceb2e35__1  slide-2 ' ><div data-rel='slideshow-1' class='avia-slide-wrap '   ><div class='av-slideshow-caption av-l13r54yg-dd5e18039c79b9eac55ec60c2ceb2e35__1 caption_fullwidth caption_bottom'><div class=\"container caption_container\"><div class=\"slideshow_caption\"><div class=\"slideshow_inner_caption\"><div class=\"slideshow_align_caption\"><h2 class='avia-caption-title '  itemprop=\"name\" >Das beste Licht f\u00e4llt vom Himmel.<\/h2><div class='avia-caption-content av_inherit_color'  itemprop=\"description\" ><p>Steuern Sie, wohin.<\/p>\n<\/div><\/div><\/div><\/div><\/div><\/div><\/div><\/li><li style='background-position:center left;' data-img-url='https:\/\/c-kurre.de\/wordpress\/wp-content\/uploads\/2022\/03\/Sonnenschutz_5-1030x728.jpg' class='avia-slideshow-slide av-l13r54yg-dd5e18039c79b9eac55ec60c2ceb2e35__2  slide-3 ' ><div data-rel='slideshow-1' class='avia-slide-wrap '   ><div class='av-slideshow-caption av-l13r54yg-dd5e18039c79b9eac55ec60c2ceb2e35__2 caption_fullwidth caption_bottom'><div class=\"container caption_container\"><div class=\"slideshow_caption\"><div class=\"slideshow_inner_caption\"><div class=\"slideshow_align_caption\"><h2 class='avia-caption-title '  itemprop=\"name\" >Sehen Sie die Klimaanlage?<\/h2><\/div><\/div><\/div><\/div><\/div><\/div><\/li><\/ul><div class='avia-slideshow-arrows avia-slideshow-controls' ><a href='#prev' class='prev-slide ' aria-hidden='true' data-av_icon='\ue87c' data-av_iconfont='entypo-fontello'  tabindex='-1'>Zur\u00fcck<\/a><a href='#next' class='next-slide ' aria-hidden='true' data-av_icon='\ue87d' data-av_iconfont='entypo-fontello'  tabindex='-1'>Weiter<\/a><\/div><div class='avia-slideshow-dots avia-slideshow-controls'><a href='#1' class='goto-slide active' >1<\/a><a href='#2' class='goto-slide ' >2<\/a><a href='#3' class='goto-slide ' >3<\/a><\/div><\/div><\/div><div id='after_full_slider_1'  class='main_color av_default_container_wrap container_wrap sidebar_right'  ><div class='container av-section-cont-open' ><div class='template-page content  av-content-small alpha units'><div class='post-entry post-entry-type-page post-entry-484'><div class='entry-content-wrapper clearfix'>\n\n<style type=\"text\/css\" data-created_by=\"avia_inline_auto\" id=\"style-css-av-l13pw564-d53ccd7240e3770a589b6520e6f7e870\">\n.avia-image-container.av-l13pw564-d53ccd7240e3770a589b6520e6f7e870 .av-image-caption-overlay-center{\ncolor:#ffffff;\n}\n<\/style>\n<div  class='avia-image-container av-l13pw564-d53ccd7240e3770a589b6520e6f7e870 av-styling- avia_animated_image avia_animate_when_almost_visible fade-in avia-align-center  avia-builder-el-9  el_after_av_fullscreen  el_before_av_one_full  avia-builder-el-first '  itemprop=\"image\" itemscope=\"itemscope\" itemtype=\"https:\/\/schema.org\/ImageObject\" ><div class=\"avia-image-container-inner\"><div class=\"avia-image-overlay-wrap\"><img decoding=\"async\" class='wp-image-487 avia-img-lazy-loading-not-487 avia_image' src=\"https:\/\/c-kurre.de\/wordpress\/wp-content\/uploads\/2022\/03\/roma-raffstoren-teaser-01-md-300x169.jpg\" alt='' title='roma-raffstoren-teaser-01-md'  height=\"169\" width=\"300\"  itemprop=\"thumbnailUrl\" srcset=\"https:\/\/c-kurre.de\/wordpress\/wp-content\/uploads\/2022\/03\/roma-raffstoren-teaser-01-md-300x169.jpg 300w, https:\/\/c-kurre.de\/wordpress\/wp-content\/uploads\/2022\/03\/roma-raffstoren-teaser-01-md-768x432.jpg 768w, https:\/\/c-kurre.de\/wordpress\/wp-content\/uploads\/2022\/03\/roma-raffstoren-teaser-01-md-705x397.jpg 705w, https:\/\/c-kurre.de\/wordpress\/wp-content\/uploads\/2022\/03\/roma-raffstoren-teaser-01-md.jpg 992w\" sizes=\"(max-width: 300px) 100vw, 300px\" \/><\/div><\/div><\/div>\n<div class='flex_column av-8po1g-37fb71c493fd011ecf328dc91dda90dd av_one_full  avia-builder-el-10  el_after_av_image  avia-builder-el-last  first flex_column_div '   ><section  class='av_textblock_section av-l13pods2-889dc4d789178991500635360ab419d0'  itemscope=\"itemscope\" itemtype=\"https:\/\/schema.org\/CreativeWork\" ><div class='avia_textblock'  itemprop=\"text\" ><h3>ROMA Raffstoren \u2013 Tageslicht stufenlos lenken.<\/h3>\n<p>Raffstoren von ROMA sind h\u00f6chst effiziente Beschattungssysteme mit hohem Anspruch an Design und Funktionalit\u00e4t. Die schwenkbaren Aluminium-Lamellen dosieren bei jedem Sonnenstand das Tageslicht und den Schatten genau nach Ihren W\u00fcnschen.<\/p>\n<h3>Die neue Comfort &#038; Design Lamelle ROMA CDL<\/h3>\n<p>Die Weltneuheit von ROMA ist die neue Comfort &#038; Design Lamelle f\u00fcr Raffstoren, kurz: CDL. Sie vereint h\u00f6chste technische Perfektion mit \u00c4sthetik und Sicherheit \u2013 f\u00fcr Ihre Privatsph\u00e4re! Die ROMA CDL hebt sich nicht nur gestalterisch sondern auch funktionell von allen bisherigen Systemen ab. Der konstruktive Ansatz er\u00f6ffnet ganz neue M\u00f6glichkeiten in Design und Komfort, die Raffstoren bisher verwehrt waren. ROMA hat den Raffstore f\u00fcr Sie neu erdacht.<\/p>\n<h3>Noch mehr Details.<\/h3>\n<p>Wie Ihre Raffstoren aussehen sollen, entscheiden Sie! Denn es gibt runde, eckige und komplett versteckte Systeme. Vorbauraffstoren aus Aluminium werden vor das Fenster gebaut, Aufsatzraffstoren auf das Fenster montiert. Es gibt sie mit F\u00fchrungsschienen, Seilen oder komplett freitragend. Au\u00dferdem bieten Raffstoren von ROMA gen\u00fcgend Platz f\u00fcr ein Insektenschutzgitter, dass dezent im Kasten verschwindet. Und wem das immer noch nicht genug ist: Bei der Gestaltung k\u00f6nnen Sie auf eine gro\u00dfe Palette an Standard- und Sonderfarben zur\u00fcckgreifen. Vier verschiedene Lamellenformen \u2013 Comfort &#038; Design Lamelle CDL, Flachlamelle, geb\u00f6rdelte Lamelle und Dreibogenlamelle \u2013 stehen zur Verf\u00fcgung.<\/p>\n<p>Zusammen mit uns finden Sie den perfekten Sonnenschutz f\u00fcr Ihr Haus.<br \/>\n<span class=\"bold\"><a title=\"zu den Kontaktm\u00f6glichkeiten\" href=\"https:\/\/c-kurre.de\/wordpress\/index.php\/contact\/\">Vereinbaren Sie gleich einen Beratungstermin!<\/a><\/span><\/p>\n<h3>Die ROMA Vorteile im \u00dcberblick<\/h3>\n<table class=\"bildtabelle\">\n<tbody>\n<tr>\n<td class=\"bildtabelletd1\"><img decoding=\"async\" title=\"Bildrechte: ROMA KG\" src=\"https:\/\/www.fsk-gmbh.com\/produkte\/raffstoren\/img\/roma-button1.jpg\" alt=\"Bildrechte: ROMA KG\" \/><\/td>\n<td class=\"bildtabelletd2\">\n<p class=\"bold nomarginbottom\">Vorteil Atmosph\u00e4re<\/p>\n<p>ROMA Raffstoren erm\u00f6glichen eine weichere Raumausleuchtung und gleichzeitig maximale Durchsicht durch die spezielle Lamellenform. Zus\u00e4tzlich ist eine optimale Abdunkelung durch die neuartige Konstruktion gew\u00e4hrleistet.<\/td>\n<\/tr>\n<tr>\n<td class=\"bildtabelletd1\"><img decoding=\"async\" title=\"Bildrechte: ROMA KG\" src=\"https:\/\/www.fsk-gmbh.com\/produkte\/raffstoren\/img\/roma-button2.jpg\" alt=\"Bildrechte: ROMA KG\" \/><\/td>\n<td class=\"bildtabelletd2\">\n<p class=\"bold nomarginbottom\">Vorteil Gestaltung<\/p>\n<p>F\u00fcr die Gestaltung Ihrer ROMA Raffstoren k\u00f6nnen Sie bei der Farbwahl auf eine gro\u00dfe Palette von Standard- und Sonderfarben zur\u00fcckgreifen. Kasten, F\u00fchrungsschienen und Endstab sind in \u00fcber 330 attraktiven Farbt\u00f6nen lieferbar.<\/td>\n<\/tr>\n<tr>\n<td class=\"bildtabelletd1\"><img decoding=\"async\" title=\"Bildrechte: ROMA KG\" src=\"https:\/\/www.fsk-gmbh.com\/produkte\/raffstoren\/img\/roma-button3.jpg\" alt=\"Bildrechte: ROMA KG\" \/><\/td>\n<td class=\"bildtabelletd2\">\n<p class=\"bold nomarginbottom\">Vorteil Sicherheit + Sichtschutz<\/p>\n<p>F\u00fcr den Schutz Ihrer Privatsph\u00e4re lassen sich ROMA Raffstoren mit der Tageslichttechnik ausr\u00fcsten. Dabei bleibt der untere Teil der Raffstoren blickdicht geschlossen, w\u00e4hrend der obere Teil Licht und Helligkeit in die R\u00e4ume l\u00e4sst. M\u00fccken und Fliegen werden mit einem integrierten Insektenschutzgitter aus hochwertigem Fiberglasgewebe abgehalten.<\/td>\n<\/tr>\n<tr>\n<td class=\"bildtabelletd1\"><img decoding=\"async\" title=\"Bildrechte: ROMA KG\" src=\"https:\/\/www.fsk-gmbh.com\/produkte\/raffstoren\/img\/roma-button4.jpg\" alt=\"Bildrechte: ROMA KG\" \/><\/td>\n<td class=\"bildtabelletd2\">\n<p class=\"bold nomarginbottom\">Vorteil Komfort<\/p>\n<p>Die modernen Funkbedienungen f\u00fcr Raffstore-Systeme von ROMA sind kinderleicht zu programmieren und zu bedienen. Steuern Sie die Neigung der Lamellen bequem von jeder Stelle im Haus. Sie lassen sich bis zu 180\u00b0 drehen und bieten somit optimalen Blend- und Hitzeschutz.<\/td>\n<\/tr>\n<tr>\n<td class=\"bildtabelletd1\"><img decoding=\"async\" title=\"Bildrechte: ROMA KG\" src=\"https:\/\/www.fsk-gmbh.com\/produkte\/raffstoren\/img\/roma-button5.jpg\" alt=\"Bildrechte: ROMA KG\" \/><\/td>\n<td class=\"bildtabelletd2\">\n<p class=\"bold nomarginbottom\">Vorteil Investitionsschutz<\/p>\n<p>Die Lamellen von ROMA werden aus hochwertigem Aluminium gefertigt und sind dauerhaft korrosionsbest\u00e4ndig. Durch die Glanzbeschichtung wirken sie auch nach vielen Jahren wie neu.<br \/>\nDie Lamellen garantieren Ihnen h\u00f6chsten Investitionsschutz durch eine hohe Farb- und Glanzgradbest\u00e4ndigkeit (auch gegen UV-Strahlung), eine hohe Oberfl\u00e4chenh\u00e4rte und sehr gute Windstabilit\u00e4t.<\/td>\n<\/tr>\n<\/tbody>\n<\/table>\n<\/div><\/section><\/div>\n","protected":false},"excerpt":{"rendered":"","protected":false},"author":1,"featured_media":0,"parent":0,"menu_order":0,"comment_status":"closed","ping_status":"closed","template":"","meta":{"footnotes":""},"class_list":["post-484","page","type-page","status-publish","hentry"],"_links":{"self":[{"href":"https:\/\/c-kurre.de\/wordpress\/index.php\/wp-json\/wp\/v2\/pages\/484","targetHints":{"allow":["GET"]}}],"collection":[{"href":"https:\/\/c-kurre.de\/wordpress\/index.php\/wp-json\/wp\/v2\/pages"}],"about":[{"href":"https:\/\/c-kurre.de\/wordpress\/index.php\/wp-json\/wp\/v2\/types\/page"}],"author":[{"embeddable":true,"href":"https:\/\/c-kurre.de\/wordpress\/index.php\/wp-json\/wp\/v2\/users\/1"}],"replies":[{"embeddable":true,"href":"https:\/\/c-kurre.de\/wordpress\/index.php\/wp-json\/wp\/v2\/comments?post=484"}],"version-history":[{"count":24,"href":"https:\/\/c-kurre.de\/wordpress\/index.php\/wp-json\/wp\/v2\/pages\/484\/revisions"}],"predecessor-version":[{"id":705,"href":"https:\/\/c-kurre.de\/wordpress\/index.php\/wp-json\/wp\/v2\/pages\/484\/revisions\/705"}],"wp:attachment":[{"href":"https:\/\/c-kurre.de\/wordpress\/index.php\/wp-json\/wp\/v2\/media?parent=484"}],"curies":[{"name":"wp","href":"https:\/\/api.w.org\/{rel}","templated":true}]}}