{"id":413,"date":"2022-03-21T17:01:46","date_gmt":"2022-03-21T16:01:46","guid":{"rendered":"https:\/\/c-kurre.de\/wordpress\/?page_id=413"},"modified":"2023-08-08T12:18:12","modified_gmt":"2023-08-08T10:18:12","slug":"haustuer-synego","status":"publish","type":"page","link":"https:\/\/c-kurre.de\/wordpress\/index.php\/haustuer-synego\/","title":{"rendered":"Haust\u00fcr Synego"},"content":{"rendered":"<div class='flex_column av-7w4pp-292fb977113186b6dd0dde0c8494227c av_one_full  avia-builder-el-0  el_before_av_textblock  avia-builder-el-first  first flex_column_div '   ><style type=\"text\/css\" data-created_by=\"avia_inline_auto\" id=\"style-css-av-li1d8jiy-cdfb9a5745817d2ec9960411802318d9\">\n.avia-image-container.av-li1d8jiy-cdfb9a5745817d2ec9960411802318d9 .av-image-caption-overlay-center{\ncolor:#ffffff;\n}\n<\/style>\n<div  class='avia-image-container av-li1d8jiy-cdfb9a5745817d2ec9960411802318d9 av-styling- avia-align-center  avia-builder-el-1  avia-builder-el-no-sibling '  itemprop=\"image\" itemscope=\"itemscope\" itemtype=\"https:\/\/schema.org\/ImageObject\" ><div class=\"avia-image-container-inner\"><div class=\"avia-image-overlay-wrap\"><img decoding=\"async\" class='wp-image-714 avia-img-lazy-loading-not-714 avia_image' src=\"https:\/\/c-kurre.de\/wordpress\/wp-content\/uploads\/2023\/05\/rehau-haustueren-synego-teaser-lg-300x169.jpg\" alt='' title='rehau-haustueren-synego-teaser-lg'  height=\"169\" width=\"300\"  itemprop=\"thumbnailUrl\" srcset=\"https:\/\/c-kurre.de\/wordpress\/wp-content\/uploads\/2023\/05\/rehau-haustueren-synego-teaser-lg-300x169.jpg 300w, https:\/\/c-kurre.de\/wordpress\/wp-content\/uploads\/2023\/05\/rehau-haustueren-synego-teaser-lg-1030x579.jpg 1030w, https:\/\/c-kurre.de\/wordpress\/wp-content\/uploads\/2023\/05\/rehau-haustueren-synego-teaser-lg-768x432.jpg 768w, https:\/\/c-kurre.de\/wordpress\/wp-content\/uploads\/2023\/05\/rehau-haustueren-synego-teaser-lg-705x397.jpg 705w, https:\/\/c-kurre.de\/wordpress\/wp-content\/uploads\/2023\/05\/rehau-haustueren-synego-teaser-lg.jpg 1200w\" sizes=\"(max-width: 300px) 100vw, 300px\" \/><\/div><\/div><\/div><\/div>\n<section  class='av_textblock_section av-l1jp77w9-e122decaa43c314fa046e70a12511473'  itemscope=\"itemscope\" itemtype=\"https:\/\/schema.org\/CreativeWork\" ><div class='avia_textblock'  itemprop=\"text\" ><p><strong><label class=\"accordion__label\" for=\"VgHWW_panel_0\">Rundum Wohlf\u00fchlen &#8211; Stilvolle T\u00fcren f\u00fcr jeden Geschmack<\/label><\/strong><\/p>\n<div class=\"accordion__content tab_0\">\n<div class=\"grid-x grid-margin-x grid-margin-y\">\n<div class=\"cell\">\n<p>Sie empf\u00e4ngt Besuch und sch\u00fctzt vor ungebetenen G\u00e4sten \u2013 unsere Eingangst\u00fcr hat zahlreiche wichtige Funktionen. Gut, wenn sie dabei auch noch perfekt zum Haus und dem Geschmack seiner Bewohner passt \u2013 wie SYNEGO.<\/p>\n<p>Holen Sie sich mit SYNEGO T\u00fcren maximales Wohlbefinden ins Haus und lassen Sie Einbrecher, L\u00e4rm und K\u00e4lte einfach drau\u00dfen<\/p>\n<\/div>\n<\/div>\n<\/div>\n<\/div><\/section>\n<section  class='av_textblock_section av-l1jp8tgf-578e03162f39dfb270221858166b5af8'  itemscope=\"itemscope\" itemtype=\"https:\/\/schema.org\/CreativeWork\" ><div class='avia_textblock'  itemprop=\"text\" ><p class=\"h3\">\n<p><strong>Technische Daten<\/strong><\/p>\n<table class=\"table\">\n<tbody>\n<tr>\n<td>Ansichtsbreiten Zarge\/Fl\u00fcgel<\/td>\n<td>174 mm<\/td>\n<\/tr>\n<tr>\n<td>Bautiefe:<\/td>\n<td>80 mm<\/td>\n<\/tr>\n<tr>\n<td>W\u00e4rmed\u00e4mmung Uf (EN 12412-2):<\/td>\n<td>bis 1,2 W\/(m\u00b2K)<\/td>\n<\/tr>\n<tr>\n<td>Schalld\u00e4mmung Rw (ISO 10140-2):<\/td>\n<td>abh\u00e4ngig von eingesetzter F\u00fcllung<\/td>\n<\/tr>\n<tr>\n<td>Einbruchhemmung (EN 1627):<\/td>\n<td>bis Klasse RC 2<\/td>\n<\/tr>\n<tr>\n<td>Windwiderstand (EN 12210):<\/td>\n<td>bis Klasse B2<\/td>\n<\/tr>\n<tr>\n<td>Schlagregendichtigkeit (EN 12208):<\/td>\n<td>bis Klasse 4A<\/td>\n<\/tr>\n<tr>\n<td>Luftdurchl\u00e4ssigkeit (EN 12207):<\/td>\n<td>bis Klasse 2<\/td>\n<\/tr>\n<\/tbody>\n<\/table>\n<\/div><\/section>\n<div  class='avia-button-wrap avia-button-center  avia-builder-el-4  el_after_av_textblock  el_before_av_button ' >\n<style type=\"text\/css\" data-created_by=\"avia_inline_auto\" id=\"style-css-av-ll25e7dm-0d49c9c1d77fde58590222f4a5b6a009\">\n@keyframes av_sonarEffect_av-ll25e7dm-0d49c9c1d77fde58590222f4a5b6a009 {\n  0% {opacity: 0.3;}\n 40% {opacity: 0.5; box-shadow: 0 0 0 2px rgba(255,255,255,0.1), 0 0 10px 10px #ffffff, 0 0 0 10px rgba(255,255,255,0.5);}\n100% {opacity: 0; box-shadow: 0 0 0 2px rgba(255,255,255,0.1), 0 0 10px 10px #ffffff, 0 0 0 10px rgba(255,255,255,0.5); -webkit-transform: scale(1.5); transform: scale(1.5);}\n}\n@-webkit-keyframes av_sonarEffect_av-ll25e7dm-0d49c9c1d77fde58590222f4a5b6a009 {\n  0% {opacity: 0.3;}\n 40% {opacity: 0.5; box-shadow: 0 0 0 2px rgba(255,255,255,0.1), 0 0 10px 10px #ffffff, 0 0 0 10px rgba(255,255,255,0.5);}\n100% {opacity: 0; box-shadow: 0 0 0 2px rgba(255,255,255,0.1), 0 0 10px 10px #ffffff, 0 0 0 10px rgba(255,255,255,0.5); -webkit-transform: scale(1.5); transform: scale(1.5);}\n}\n.avia-button.av-ll25e7dm-0d49c9c1d77fde58590222f4a5b6a009.avia-sonar-shadow:after{\nanimation:av_sonarEffect_av-ll25e7dm-0d49c9c1d77fde58590222f4a5b6a009 1s ease-in-out .1s infinite;\n-webkit-animation:av_sonarEffect_av-ll25e7dm-0d49c9c1d77fde58590222f4a5b6a009 1s ease-in-out .1s infinite;\n-moz-animation:av_sonarEffect_av-ll25e7dm-0d49c9c1d77fde58590222f4a5b6a009 1s ease-in-out .1s infinite;\n-o-animation:av_sonarEffect_av-ll25e7dm-0d49c9c1d77fde58590222f4a5b6a009 1s ease-in-out .1s infinite;\n}\n<\/style>\n<a href='https:\/\/c-kurre.de\/downloads\/Kurre F\u00fcllungen 2022.pdf' class='avia-button av-ll25e7dm-0d49c9c1d77fde58590222f4a5b6a009 avia-icon_select-yes-left-icon avia-size-large avia-position-center avia-color-theme-color avia-sonar-shadow' target=\"_blank\" rel=\"noopener noreferrer\"><span class='avia_button_icon avia_button_icon_left' aria-hidden='true' data-av_icon='\ue821' data-av_iconfont='entypo-fontello'><\/span><span class='avia_iconbox_title' >Haust\u00fcrflyer<\/span><\/a><\/div>\n<div  class='avia-button-wrap avia-button-center  avia-builder-el-5  el_after_av_button  avia-builder-el-last ' >\n<style type=\"text\/css\" data-created_by=\"avia_inline_auto\" id=\"style-css-av-l1ib4sbv-8d3abddc7e5a5765230f8cf07db3c245\">\n@keyframes av_sonarEffect_av-l1ib4sbv-8d3abddc7e5a5765230f8cf07db3c245 {\n  0% {opacity: 0.3;}\n 40% {opacity: 0.5; box-shadow: 0 0 0 2px rgba(255,255,255,0.1), 0 0 10px 10px #ffffff, 0 0 0 10px rgba(255,255,255,0.5);}\n100% {opacity: 0; box-shadow: 0 0 0 2px rgba(255,255,255,0.1), 0 0 10px 10px #ffffff, 0 0 0 10px rgba(255,255,255,0.5); -webkit-transform: scale(1.5); transform: scale(1.5);}\n}\n@-webkit-keyframes av_sonarEffect_av-l1ib4sbv-8d3abddc7e5a5765230f8cf07db3c245 {\n  0% {opacity: 0.3;}\n 40% {opacity: 0.5; box-shadow: 0 0 0 2px rgba(255,255,255,0.1), 0 0 10px 10px #ffffff, 0 0 0 10px rgba(255,255,255,0.5);}\n100% {opacity: 0; box-shadow: 0 0 0 2px rgba(255,255,255,0.1), 0 0 10px 10px #ffffff, 0 0 0 10px rgba(255,255,255,0.5); -webkit-transform: scale(1.5); transform: scale(1.5);}\n}\n.avia-button.av-l1ib4sbv-8d3abddc7e5a5765230f8cf07db3c245.avia-sonar-shadow:hover:after{\nanimation:av_sonarEffect_av-l1ib4sbv-8d3abddc7e5a5765230f8cf07db3c245 1s ease-in-out .1s infinite;\n-webkit-animation:av_sonarEffect_av-l1ib4sbv-8d3abddc7e5a5765230f8cf07db3c245 1s ease-in-out .1s infinite;\n-moz-animation:av_sonarEffect_av-l1ib4sbv-8d3abddc7e5a5765230f8cf07db3c245 1s ease-in-out .1s infinite;\n-o-animation:av_sonarEffect_av-l1ib4sbv-8d3abddc7e5a5765230f8cf07db3c245 1s ease-in-out .1s infinite;\n}\n<\/style>\n<a href='https:\/\/c-kurre.traumtuer-konfigurator.de' class='avia-button av-l1ib4sbv-8d3abddc7e5a5765230f8cf07db3c245 avia-icon_select-yes-left-icon avia-size-large avia-position-center avia-color-theme-color avia-sonar-shadow' target=\"_blank\" rel=\"noopener noreferrer\"><span class='avia_button_icon avia_button_icon_left' aria-hidden='true' data-av_icon='\ue800' data-av_iconfont='entypo-fontello'><\/span><span class='avia_iconbox_title' >Traumt\u00fcr Konfigurator<\/span><\/a><\/div>\n","protected":false},"excerpt":{"rendered":"","protected":false},"author":1,"featured_media":0,"parent":0,"menu_order":0,"comment_status":"closed","ping_status":"closed","template":"","meta":{"footnotes":""},"class_list":["post-413","page","type-page","status-publish","hentry"],"_links":{"self":[{"href":"https:\/\/c-kurre.de\/wordpress\/index.php\/wp-json\/wp\/v2\/pages\/413","targetHints":{"allow":["GET"]}}],"collection":[{"href":"https:\/\/c-kurre.de\/wordpress\/index.php\/wp-json\/wp\/v2\/pages"}],"about":[{"href":"https:\/\/c-kurre.de\/wordpress\/index.php\/wp-json\/wp\/v2\/types\/page"}],"author":[{"embeddable":true,"href":"https:\/\/c-kurre.de\/wordpress\/index.php\/wp-json\/wp\/v2\/users\/1"}],"replies":[{"embeddable":true,"href":"https:\/\/c-kurre.de\/wordpress\/index.php\/wp-json\/wp\/v2\/comments?post=413"}],"version-history":[{"count":14,"href":"https:\/\/c-kurre.de\/wordpress\/index.php\/wp-json\/wp\/v2\/pages\/413\/revisions"}],"predecessor-version":[{"id":725,"href":"https:\/\/c-kurre.de\/wordpress\/index.php\/wp-json\/wp\/v2\/pages\/413\/revisions\/725"}],"wp:attachment":[{"href":"https:\/\/c-kurre.de\/wordpress\/index.php\/wp-json\/wp\/v2\/media?parent=413"}],"curies":[{"name":"wp","href":"https:\/\/api.w.org\/{rel}","templated":true}]}}