{"id":407,"date":"2022-03-18T16:43:37","date_gmt":"2022-03-18T15:43:37","guid":{"rendered":"https:\/\/c-kurre.de\/wordpress\/?page_id=407"},"modified":"2023-05-24T09:00:59","modified_gmt":"2023-05-24T07:00:59","slug":"fenster-synego","status":"publish","type":"page","link":"https:\/\/c-kurre.de\/wordpress\/index.php\/fenster-synego\/","title":{"rendered":"Fenster Synego"},"content":{"rendered":"<div class='flex_column av-av_one_full-a93934ecd89fbb8a9566d39e89cd3725 av_one_full  avia-builder-el-0  el_before_av_one_full  avia-builder-el-first  first flex_column_div '   ><style type=\"text\/css\" data-created_by=\"avia_inline_auto\" id=\"style-css-av-li1csr2s-7ab156aef19d2629220884ec0ec052f0\">\n.avia-image-container.av-li1csr2s-7ab156aef19d2629220884ec0ec052f0 .av-image-caption-overlay-center{\ncolor:#ffffff;\n}\n<\/style>\n<div  class='avia-image-container av-li1csr2s-7ab156aef19d2629220884ec0ec052f0 av-styling- avia-align-center  avia-builder-el-1  avia-builder-el-no-sibling '  itemprop=\"image\" itemscope=\"itemscope\" itemtype=\"https:\/\/schema.org\/ImageObject\" ><div class=\"avia-image-container-inner\"><div class=\"avia-image-overlay-wrap\"><img decoding=\"async\" class='wp-image-708 avia-img-lazy-loading-not-708 avia_image' src=\"https:\/\/c-kurre.de\/wordpress\/wp-content\/uploads\/2023\/05\/rehau03.jpg\" alt='' title='rehau03'  height=\"180\" width=\"230\"  itemprop=\"thumbnailUrl\"  \/><\/div><\/div><\/div><\/div><div class='flex_column av-1j7biv-2737f35c54cdfb379effab8d09f9b1c1 av_one_full  avia-builder-el-2  el_after_av_one_full  el_before_av_one_third  first flex_column_div column-top-margin'   ><section  class='av_textblock_section av-l1gw8e0z-faf03101c9b783d8ff36482f08770de0'  itemscope=\"itemscope\" itemtype=\"https:\/\/schema.org\/CreativeWork\" ><div class='avia_textblock'  itemprop=\"text\" ><p>Alte und undichte Fenster \u201everheizen\u201c viel Geld. Das Thema \u201eW\u00e4rmed\u00e4mmung\u201c spielt bei den steigenden Energiepreisen und den gesetzlichen Anforderungen an Energieeffizienz eine entscheidende Rolle.<\/p>\n<p>Der\u00a0<a class=\"lightframe-energiesparrechner cboxElement\" href=\"https:\/\/windowcalculator.rehau.com\/DE\">REHAU Energiesparrechner<\/a>\u00a0zeigt Ihnen, je besser Fenster ged\u00e4mmt sind, desto weniger Energie wird ben\u00f6tigt.<\/p>\n<p class=\"bold\">Und Energie, die Sie nicht verbrauchen, m\u00fcssen Sie auch nicht bezahlen!<\/p>\n<p>Aber nicht nur die W\u00e4rmed\u00e4mmung spielt bei neuen Fenstern eine wichtige Rolle. So sind auch der Schutz vor Einbrechern, der Schutz vor L\u00e4rm von drau\u00dfen und ein geringer Pflege- und Reinigungsaufwand zu beachten. In optischer Hinsicht sind die Gestaltungsfreiheit und eine gro\u00dfe Auswahl an Farben und Formen wichtig.<\/p>\n<p class=\"bold\">Kurzum: ein Fenster sollte eine individuell perfekte L\u00f6sung f\u00fcr die Zukunft sein!<\/p>\n<p>Auf den folgenden Seiten stellen wir Ihnen genau die Fenstersysteme vor, die all diesen Anforderungen entsprechen. In einer pers\u00f6nlichen Beratung beantworten wir Ihnen dann alle noch offenen Fragen<\/p>\n<h3>SYNEGO Fenster lohnen sich<\/h3>\n<p>Machen Sie es sich gem\u00fctlich zuhause, denn SYNEGO Fenster lohnen sich in vielerlei Hinsicht:<br \/>\nNeue SYNEGO Fenster sind das ideale Sparprogramm. Im Vergleich zu aktuellen Standardfenstern bietet Ihnen SYNEGO bis zu 50 % mehr W\u00e4rmed\u00e4mmung. Sie senken sp\u00fcrbar Ihre Heizkosten und steigern den Wert Ihrer Immobilie \u2013 heute, morgen und \u00fcbermorgen.<\/p>\n<p>Und Sie f\u00fchlen sich geborgen. Ungebetene G\u00e4ste bleiben drau\u00dfen, denn SYNEGO bietet eine starke Einbruchhemmung<\/p>\n<p>Au\u00dferdem wird Ihr Zuhause mit SYNEGO zur Ruheoase. Lauter Verkehrsl\u00e4rm, der Rasenm\u00e4her des Nachbarn \u2013 mit SYNEGO schlie\u00dfen Sie den L\u00e4rm einfach aus.<\/p>\n<h3>Ihre Vorteile von SYNEGO im \u00dcberblick:<\/h3>\n<h4><\/h4>\n<\/div><\/section><\/div><div class='flex_column av-1fdptj-e3c659d6fbebe1583703da869f15fe9f av_one_third  avia-builder-el-4  el_after_av_one_full  el_before_av_two_third  first flex_column_div column-top-margin'   ><section  class='av_textblock_section av-l1gwl6ww-a88ce2f0442e2e44bf6507e444088626'  itemscope=\"itemscope\" itemtype=\"https:\/\/schema.org\/CreativeWork\" ><div class='avia_textblock'  itemprop=\"text\" ><h4>Bis zu 50 % h\u00f6here W\u00e4rmed\u00e4mmung*<\/h4>\n<p>Dank der hervorragenden D\u00e4mmeigenschaften sinkt Ihr Energieverbrauch sofort ab dem ersten Tag. Ihren Heizkostenabrechnungen und k\u00fcnftigen Energiepreissteigerungen k\u00f6nnen Sie entspannt entgegensehen.<\/p>\n<p class=\"small kursiv\">*Standardfenster mit Uw = 1,36 W\/m\u00b2K; SYNEGO mit Uw = 0,66 W\/m\u00b2K<\/p>\n<h4 class=\"margintop3em\"><\/h4>\n<\/div><\/section><\/div><\/p>\n<div class='flex_column av-174r8f-f7983d157b64d990a5a53699d57c1610 av_two_third  avia-builder-el-6  el_after_av_one_third  el_before_av_two_third  flex_column_div column-top-margin'   ><style type=\"text\/css\" data-created_by=\"avia_inline_auto\" id=\"style-css-av-l1gwkeae-367a67c032e81df5eac5e95563931d51\">\n.avia-image-container.av-l1gwkeae-367a67c032e81df5eac5e95563931d51 .av-image-caption-overlay-center{\ncolor:#ffffff;\n}\n<\/style>\n<div  class='avia-image-container av-l1gwkeae-367a67c032e81df5eac5e95563931d51 av-styling- avia_animated_image avia_animate_when_almost_visible av-rotateIn avia-align-center  avia-builder-el-7  avia-builder-el-no-sibling '  itemprop=\"image\" itemscope=\"itemscope\" itemtype=\"https:\/\/schema.org\/ImageObject\" ><div class=\"avia-image-container-inner\"><div class=\"avia-image-overlay-wrap\"><img decoding=\"async\" class='wp-image-582 avia-img-lazy-loading-not-582 avia_image' src=\"https:\/\/c-kurre.de\/wordpress\/wp-content\/uploads\/2022\/04\/rehau-fenster-synego-energieverbrauch-lg-1200x430.jpg\" alt='' title='rehau-fenster-synego-energieverbrauch-lg'  height=\"430\" width=\"1200\"  itemprop=\"thumbnailUrl\"  \/><\/div><\/div><\/div><\/div>\n<div class='flex_column av-124b3b-c1a27de7393d0511372280e95e79eb66 av_two_third  avia-builder-el-8  el_after_av_two_third  el_before_av_one_third  first flex_column_div column-top-margin'   ><style type=\"text\/css\" data-created_by=\"avia_inline_auto\" id=\"style-css-av-l1gwmbun-3d3372f8efc3402b03333d25cd4b8925\">\n.avia-image-container.av-l1gwmbun-3d3372f8efc3402b03333d25cd4b8925 .av-image-caption-overlay-center{\ncolor:#ffffff;\n}\n<\/style>\n<div  class='avia-image-container av-l1gwmbun-3d3372f8efc3402b03333d25cd4b8925 av-styling- avia_animated_image avia_animate_when_almost_visible top-to-bottom avia-align-center  avia-builder-el-9  avia-builder-el-no-sibling '  itemprop=\"image\" itemscope=\"itemscope\" itemtype=\"https:\/\/schema.org\/ImageObject\" ><div class=\"avia-image-container-inner\"><div class=\"avia-image-overlay-wrap\"><img decoding=\"async\" class='wp-image-586 avia-img-lazy-loading-not-586 avia_image' src=\"https:\/\/c-kurre.de\/wordpress\/wp-content\/uploads\/2022\/04\/rehau-fenster-synego-schallschutz-lg.jpg\" alt='' title='rehau-fenster-synego-schallschutz-lg'  height=\"424\" width=\"1200\"  itemprop=\"thumbnailUrl\" srcset=\"https:\/\/c-kurre.de\/wordpress\/wp-content\/uploads\/2022\/04\/rehau-fenster-synego-schallschutz-lg.jpg 1200w, https:\/\/c-kurre.de\/wordpress\/wp-content\/uploads\/2022\/04\/rehau-fenster-synego-schallschutz-lg-300x106.jpg 300w, https:\/\/c-kurre.de\/wordpress\/wp-content\/uploads\/2022\/04\/rehau-fenster-synego-schallschutz-lg-1030x364.jpg 1030w, https:\/\/c-kurre.de\/wordpress\/wp-content\/uploads\/2022\/04\/rehau-fenster-synego-schallschutz-lg-768x271.jpg 768w, https:\/\/c-kurre.de\/wordpress\/wp-content\/uploads\/2022\/04\/rehau-fenster-synego-schallschutz-lg-705x249.jpg 705w\" sizes=\"(max-width: 1200px) 100vw, 1200px\" \/><\/div><\/div><\/div><\/div>\n<div class='flex_column av-uq6uf-6c5730f78b580fa5116e5947662b6d2d av_one_third  avia-builder-el-10  el_after_av_two_third  el_before_av_one_third  flex_column_div column-top-margin'   ><section  class='av_textblock_section av-l1gwmw3j-83172abcf10c786d9bae883e2a06e647'  itemscope=\"itemscope\" itemtype=\"https:\/\/schema.org\/CreativeWork\" ><div class='avia_textblock'  itemprop=\"text\" ><h4 class=\"margintop3em\">Bis zu 20-mal weniger L\u00e4rm*<\/h4>\n<p>Mit SYNEGO f\u00fchlen Sie sich wohl &#8211; unabh\u00e4ngig davon, wie laut Ihre Umgebung ist. Dank individuellen Schallschutzma\u00dfnahmen schlie\u00dfen Sie L\u00e4rm einfach aus, Ihr Zuhause wird zur Ruheoase.<\/p>\n<p class=\"small kursiv\">*mit individuellenSchallschutzma\u00dfnahmen<\/p>\n<h4 class=\"margintop3em\"><\/h4>\n<\/div><\/section><\/div>\n<div class='flex_column av-s0fjz-e114f0f767adc068f1349b0eac4b4486 av_one_third  avia-builder-el-12  el_after_av_one_third  el_before_av_two_third  first flex_column_div column-top-margin'   ><section  class='av_textblock_section av-l1gwyxm3-320d8a2936cd78205da3587899872185'  itemscope=\"itemscope\" itemtype=\"https:\/\/schema.org\/CreativeWork\" ><div class='avia_textblock'  itemprop=\"text\" ><h4 class=\"margintop3em\">Bis zu 10-mal h\u00f6herer Einbruchschutz*<\/h4>\n<p>80 % aller Einbr\u00fcche finden \u00fcber leicht zug\u00e4ngliche Fenster und T\u00fcren statt. Mit SYNEGO wird Ihr Zuhause sicherer. Sie k\u00f6nnen die Einbruchhemmung nach Ihrem pers\u00f6nlichen Bed\u00fcrfnis bis hin zur Widerstandsklasse RC 3 festlegen.<\/p>\n<p class=\"small kursiv\">*im Vergleich zu Fenstern ohne Einbruchhemmung, Bemessungsgrundlage = RC 3<\/p>\n<h4 class=\"margintop3em\"><\/h4>\n<\/div><\/section><\/div>\n<div class='flex_column av-24853-39132cd62618631527f495a93a4e20ca av_two_third  avia-builder-el-14  el_after_av_one_third  el_before_av_two_third  flex_column_div column-top-margin'   ><style type=\"text\/css\" data-created_by=\"avia_inline_auto\" id=\"style-css-av-l1gwn7jj-a72814bdbf64509e718c88883620289f\">\n.avia-image-container.av-l1gwn7jj-a72814bdbf64509e718c88883620289f .av-image-caption-overlay-center{\ncolor:#ffffff;\n}\n<\/style>\n<div  class='avia-image-container av-l1gwn7jj-a72814bdbf64509e718c88883620289f av-styling- avia_animated_image avia_animate_when_almost_visible right-to-left avia-align-center  avia-builder-el-15  avia-builder-el-no-sibling '  itemprop=\"image\" itemscope=\"itemscope\" itemtype=\"https:\/\/schema.org\/ImageObject\" ><div class=\"avia-image-container-inner\"><div class=\"avia-image-overlay-wrap\"><img decoding=\"async\" class='wp-image-581 avia-img-lazy-loading-not-581 avia_image' src=\"https:\/\/c-kurre.de\/wordpress\/wp-content\/uploads\/2022\/04\/rehau-fenster-synego-einbruchschutz-lg.jpg\" alt='' title='rehau-fenster-synego-einbruchschutz-lg'  height=\"364\" width=\"1200\"  itemprop=\"thumbnailUrl\" srcset=\"https:\/\/c-kurre.de\/wordpress\/wp-content\/uploads\/2022\/04\/rehau-fenster-synego-einbruchschutz-lg.jpg 1200w, https:\/\/c-kurre.de\/wordpress\/wp-content\/uploads\/2022\/04\/rehau-fenster-synego-einbruchschutz-lg-300x91.jpg 300w, https:\/\/c-kurre.de\/wordpress\/wp-content\/uploads\/2022\/04\/rehau-fenster-synego-einbruchschutz-lg-1030x312.jpg 1030w, https:\/\/c-kurre.de\/wordpress\/wp-content\/uploads\/2022\/04\/rehau-fenster-synego-einbruchschutz-lg-768x233.jpg 768w, https:\/\/c-kurre.de\/wordpress\/wp-content\/uploads\/2022\/04\/rehau-fenster-synego-einbruchschutz-lg-705x214.jpg 705w\" sizes=\"(max-width: 1200px) 100vw, 1200px\" \/><\/div><\/div><\/div><\/div>\n<div class='flex_column av-h4y6v-9ff625d41db6031c4e4d8fcc8f60417f av_two_third  avia-builder-el-16  el_after_av_two_third  el_before_av_one_third  first flex_column_div column-top-margin'   ><style type=\"text\/css\" data-created_by=\"avia_inline_auto\" id=\"style-css-av-l1gx13d7-f32e9e4b62f4ef623d9919c86dd7d3e5\">\n.avia-image-container.av-l1gx13d7-f32e9e4b62f4ef623d9919c86dd7d3e5 .av-image-caption-overlay-center{\ncolor:#ffffff;\n}\n<\/style>\n<div  class='avia-image-container av-l1gx13d7-f32e9e4b62f4ef623d9919c86dd7d3e5 av-styling- avia_animated_image avia_animate_when_almost_visible bottom-to-top avia-align-center  avia-builder-el-17  avia-builder-el-no-sibling '  itemprop=\"image\" itemscope=\"itemscope\" itemtype=\"https:\/\/schema.org\/ImageObject\" ><div class=\"avia-image-container-inner\"><div class=\"avia-image-overlay-wrap\"><img decoding=\"async\" class='wp-image-583 avia-img-lazy-loading-not-583 avia_image' src=\"https:\/\/c-kurre.de\/wordpress\/wp-content\/uploads\/2022\/04\/rehau-fenster-synego-hdf-formel-lg.jpg\" alt='' title='rehau-fenster-synego-hdf-formel-lg'  height=\"424\" width=\"1200\"  itemprop=\"thumbnailUrl\" srcset=\"https:\/\/c-kurre.de\/wordpress\/wp-content\/uploads\/2022\/04\/rehau-fenster-synego-hdf-formel-lg.jpg 1200w, https:\/\/c-kurre.de\/wordpress\/wp-content\/uploads\/2022\/04\/rehau-fenster-synego-hdf-formel-lg-300x106.jpg 300w, https:\/\/c-kurre.de\/wordpress\/wp-content\/uploads\/2022\/04\/rehau-fenster-synego-hdf-formel-lg-1030x364.jpg 1030w, https:\/\/c-kurre.de\/wordpress\/wp-content\/uploads\/2022\/04\/rehau-fenster-synego-hdf-formel-lg-768x271.jpg 768w, https:\/\/c-kurre.de\/wordpress\/wp-content\/uploads\/2022\/04\/rehau-fenster-synego-hdf-formel-lg-705x249.jpg 705w\" sizes=\"(max-width: 1200px) 100vw, 1200px\" \/><\/div><\/div><\/div><\/div>\n<div class='flex_column av-8q79r-16f58ca7555e92b19a42e91bdfd5d26f av_one_third  avia-builder-el-18  el_after_av_two_third  el_before_av_one_fourth  flex_column_div column-top-margin'   ><section  class='av_textblock_section av-l1gx0uqt-9466426a0678f67be1e21a8b5ef25a35'  itemscope=\"itemscope\" itemtype=\"https:\/\/schema.org\/CreativeWork\" ><div class='avia_textblock'  itemprop=\"text\" ><h4 class=\"margintop3em\">Pflegeleichte Brillanz mit der HDF-Formel<\/h4>\n<p>Das High-Definition-Finishing (HDF) l\u00e4sst Ihre Fenster jeden Tag wie neu erstrahlen. Die hochkomplexe Formel versiegelt die Oberfl\u00e4che. Schmutz kann sich nur schlecht halten. Ihre Fenster bleiben l\u00e4nger sauber und sind leichter zu reinigen.<\/p>\n<\/div><\/section><\/div>\n<div class='flex_column av-crr8n-a30ca9b656c5a1f7602ce5565d923ad1 av_one_fourth  avia-builder-el-20  el_after_av_one_third  el_before_av_one_half  first flex_column_div column-top-margin'   ><\/div>\n<div class='flex_column av-l1i9fpsl-953e554c075974b9c117b218e38c1741 av_one_half  avia-builder-el-21  el_after_av_one_fourth  el_before_av_one_fourth  flex_column_div column-top-margin'   ><div  class='avia-button-wrap avia-button-center  avia-builder-el-22  avia-builder-el-no-sibling ' >\n<style type=\"text\/css\" data-created_by=\"avia_inline_auto\" id=\"style-css-av-l1i9aak1-8c41ae61167bd80ce7243b4f70694f4d\">\n#top #wrap_all .avia-button.av-l1i9aak1-8c41ae61167bd80ce7243b4f70694f4d:hover{\ncolor:white;\ntransition:all 0.4s ease-in-out;\n-webkit-transition:all 0.4s ease-in-out;\n-moz-transition:all 0.4s ease-in-out;\n-ms-transition:all 0.4s ease-in-out;\n-o-transition:all 0.4s ease-in-out;\n}\n<\/style>\n<a href='https:\/\/fensterkonfigurator.rehau.com\/de\/www.c-kurre.de\/requests' class='av-icon-on-hover avia-color-theme-color avia-font-color-theme-color avia-button avia-button-fullwidth av-l1i9aak1-8c41ae61167bd80ce7243b4f70694f4d avia-icon_select-yes-left-icon avia-color-theme-color' target=\"_blank\" rel=\"noopener noreferrer\"><span class='avia_button_icon avia_button_icon_left' aria-hidden='true' data-av_icon='\ue84a' data-av_iconfont='entypo-fontello'><\/span><span class='avia_iconbox_title' >Fensterkonfigurator<\/span><span class='avia_button_background avia-button avia-button-fullwidth avia-color-theme-color-highlight'><\/span><\/a><\/div><\/div>\n<div class='flex_column av-8cc1j-f94b64ebb9873c11df3bd3e5a171b83f av_one_fourth  avia-builder-el-23  el_after_av_one_half  avia-builder-el-last  flex_column_div column-top-margin'   ><\/div>\n","protected":false},"excerpt":{"rendered":"","protected":false},"author":1,"featured_media":0,"parent":0,"menu_order":0,"comment_status":"closed","ping_status":"closed","template":"","meta":{"footnotes":""},"class_list":["post-407","page","type-page","status-publish","hentry"],"_links":{"self":[{"href":"https:\/\/c-kurre.de\/wordpress\/index.php\/wp-json\/wp\/v2\/pages\/407","targetHints":{"allow":["GET"]}}],"collection":[{"href":"https:\/\/c-kurre.de\/wordpress\/index.php\/wp-json\/wp\/v2\/pages"}],"about":[{"href":"https:\/\/c-kurre.de\/wordpress\/index.php\/wp-json\/wp\/v2\/types\/page"}],"author":[{"embeddable":true,"href":"https:\/\/c-kurre.de\/wordpress\/index.php\/wp-json\/wp\/v2\/users\/1"}],"replies":[{"embeddable":true,"href":"https:\/\/c-kurre.de\/wordpress\/index.php\/wp-json\/wp\/v2\/comments?post=407"}],"version-history":[{"count":18,"href":"https:\/\/c-kurre.de\/wordpress\/index.php\/wp-json\/wp\/v2\/pages\/407\/revisions"}],"predecessor-version":[{"id":713,"href":"https:\/\/c-kurre.de\/wordpress\/index.php\/wp-json\/wp\/v2\/pages\/407\/revisions\/713"}],"wp:attachment":[{"href":"https:\/\/c-kurre.de\/wordpress\/index.php\/wp-json\/wp\/v2\/media?parent=407"}],"curies":[{"name":"wp","href":"https:\/\/api.w.org\/{rel}","templated":true}]}}