{"id":253,"date":"2016-05-23T10:30:12","date_gmt":"2016-05-23T10:30:12","guid":{"rendered":"http:\/\/test.kriesi.at\/enfold-health-coach\/?page_id=253"},"modified":"2022-04-08T16:13:21","modified_gmt":"2022-04-08T14:13:21","slug":"about","status":"publish","type":"page","link":"https:\/\/c-kurre.de\/wordpress\/index.php\/about\/","title":{"rendered":"\u00dcber uns"},"content":{"rendered":"<div id='welcome'  class='av-layout-grid-container av-7waalx-1a45d7e88cc2a8d89110678d672c620a entry-content-wrapper main_color av-fixed-cells  avia-builder-el-0  el_before_av_heading  avia-builder-el-first   container_wrap sidebar_right'  >\n\n<style type=\"text\/css\" data-created_by=\"avia_inline_auto\" id=\"style-css-av-7qq9zp-07b4db97c48808a5d82399236e88500d\">\n.flex_cell.av-7qq9zp-07b4db97c48808a5d82399236e88500d{\nvertical-align:top;\nheight:15px;\nmin-height:15px;\npadding:0px 0px 0px 0px;\nbackground-color:#719430;\n}\n<\/style>\n<div class='flex_cell av_one_fourth av-7qq9zp-07b4db97c48808a5d82399236e88500d no_margin  avia-builder-el-1  el_before_av_cell_one_fourth  avia-builder-el-first  av-zero-padding' ><div class='flex_cell_inner'><\/div><\/div>\n<style type=\"text\/css\" data-created_by=\"avia_inline_auto\" id=\"style-css-av-7hpimt-182fdde8e0cb1e24f5b804273c52a7fb\">\n.flex_cell.av-7hpimt-182fdde8e0cb1e24f5b804273c52a7fb{\nvertical-align:top;\nheight:15px;\nmin-height:15px;\npadding:0px 0px 0px 0px;\nbackground-color:#92bb46;\n}\n<\/style>\n<div class='flex_cell av_one_fourth av-7hpimt-182fdde8e0cb1e24f5b804273c52a7fb no_margin  avia-builder-el-2  el_after_av_cell_one_fourth  el_before_av_cell_one_fourth  av-zero-padding' ><div class='flex_cell_inner'><\/div><\/div>\n<style type=\"text\/css\" data-created_by=\"avia_inline_auto\" id=\"style-css-av-7dtvml-3890c562dab5fab6f1dae2cca1a9c3f9\">\n.flex_cell.av-7dtvml-3890c562dab5fab6f1dae2cca1a9c3f9{\nvertical-align:top;\nheight:15px;\nmin-height:15px;\npadding:0px 0px 0px 0px;\nbackground-color:#acd464;\n}\n<\/style>\n<div class='flex_cell av_one_fourth av-7dtvml-3890c562dab5fab6f1dae2cca1a9c3f9 no_margin  avia-builder-el-3  el_after_av_cell_one_fourth  el_before_av_cell_one_fourth  av-zero-padding' ><div class='flex_cell_inner'><\/div><\/div>\n<style type=\"text\/css\" data-created_by=\"avia_inline_auto\" id=\"style-css-av-77m9h1-56d1cf071229c95c80f62729868f37c2\">\n.flex_cell.av-77m9h1-56d1cf071229c95c80f62729868f37c2{\nvertical-align:top;\nheight:15px;\nmin-height:15px;\npadding:0px 0px 0px 0px;\nbackground-color:#e1fbb2;\n}\n<\/style>\n<div class='flex_cell av_one_fourth av-77m9h1-56d1cf071229c95c80f62729868f37c2 no_margin  avia-builder-el-4  el_after_av_cell_one_fourth  avia-builder-el-last  av-zero-padding' ><div class='flex_cell_inner'><\/div><\/div>\n<\/div><div id='after_grid_row_1'  class='main_color av_default_container_wrap container_wrap sidebar_right'  ><div class='container av-section-cont-open' ><div class='template-page content  av-content-small alpha units'><div class='post-entry post-entry-type-page post-entry-253'><div class='entry-content-wrapper clearfix'>\n\n<style type=\"text\/css\" data-created_by=\"avia_inline_auto\" id=\"style-css-av-6p4zml-afbd732f8162658e5aeab2a4308cde0c\">\n#top .av-special-heading.av-6p4zml-afbd732f8162658e5aeab2a4308cde0c{\npadding-bottom:30px;\n}\nbody .av-special-heading.av-6p4zml-afbd732f8162658e5aeab2a4308cde0c .av-special-heading-tag .heading-char{\nfont-size:25px;\n}\n.av-special-heading.av-6p4zml-afbd732f8162658e5aeab2a4308cde0c .av-subheading{\nfont-size:15px;\n}\n<\/style>\n<div  class='av-special-heading av-6p4zml-afbd732f8162658e5aeab2a4308cde0c av-special-heading-h1 blockquote modern-quote  avia-builder-el-5  el_after_av_layout_row  el_before_av_image  avia-builder-el-first '><h1 class='av-special-heading-tag'  itemprop=\"headline\"  >Ein Familienunternehmen mit Geschichte<\/h1><div class=\"special-heading-border\"><div class=\"special-heading-inner-border\"><\/div><\/div><\/div>\n\n<style type=\"text\/css\" data-created_by=\"avia_inline_auto\" id=\"style-css-av-l1gvih1s-5b3918fbf06cc3e0d9c986406f406d2d\">\n.avia-image-container.av-l1gvih1s-5b3918fbf06cc3e0d9c986406f406d2d .av-image-caption-overlay-center{\ncolor:#ffffff;\n}\n<\/style>\n<div  class='avia-image-container av-l1gvih1s-5b3918fbf06cc3e0d9c986406f406d2d av-styling- avia_animated_image avia_animate_when_almost_visible fade-in avia-align-center  avia-builder-el-6  el_after_av_heading  el_before_av_layout_row  avia-builder-el-last '  itemprop=\"image\" itemscope=\"itemscope\" itemtype=\"https:\/\/schema.org\/ImageObject\" ><div class=\"avia-image-container-inner\"><div class=\"avia-image-overlay-wrap\"><img decoding=\"async\" class='wp-image-554 avia-img-lazy-loading-not-554 avia_image' src=\"https:\/\/c-kurre.de\/wordpress\/wp-content\/uploads\/2022\/04\/JunkerHarkeStrasse-845x684.jpg\" alt='' title='JunkerHarkeStrasse'  height=\"684\" width=\"845\"  itemprop=\"thumbnailUrl\" srcset=\"https:\/\/c-kurre.de\/wordpress\/wp-content\/uploads\/2022\/04\/JunkerHarkeStrasse-845x684.jpg 845w, https:\/\/c-kurre.de\/wordpress\/wp-content\/uploads\/2022\/04\/JunkerHarkeStrasse-495x400.jpg 495w\" sizes=\"(max-width: 845px) 100vw, 845px\" \/><\/div><\/div><\/div>\n<\/div><\/div><\/div><!-- close content main div --><\/div><\/div><div id='hello'  class='av-layout-grid-container av-p9nvp-cf6e69eac263d6dcf81d8a5e3f457bb6 entry-content-wrapper main_color av-flex-cells  avia-builder-el-7  el_after_av_image  el_before_av_layout_row  grid-row-not-first  container_wrap sidebar_right'  >\n\n<style type=\"text\/css\" data-created_by=\"avia_inline_auto\" id=\"style-css-av-6u470l-8f3295aab3f9f73ac7221a80634e06d1\">\n.flex_cell.av-6u470l-8f3295aab3f9f73ac7221a80634e06d1{\nvertical-align:top;\npadding:100px 100px 100px 100px;\n}\n<\/style>\n<div class='flex_cell av_one_full av-6u470l-8f3295aab3f9f73ac7221a80634e06d1 no_margin  avia-builder-el-8  avia-builder-el-no-sibling ' ><div class='flex_cell_inner'><p><section  class='av_textblock_section av-6hjow5-8467d1c6350fdbc11cab58be09b6d153'  itemscope=\"itemscope\" itemtype=\"https:\/\/schema.org\/CreativeWork\" ><div class='avia_textblock'  itemprop=\"text\" ><p>1976 machte Clemens Kurre seine Meisterpr\u00fcfung im Tischlerhandwerk vor der Handwerkskammer Oldenburg.<br \/>\nClemens Kurre wagte im Jahre 1982 den Sprung in die Selbstst\u00e4ndigkeit in den R\u00e4umlichkeiten seiner Schwiegermutter Anna Hoffbuhr in der Loher Ostmark. Doch schon nach kurzer Zeit wurden die R\u00e4umlichkeiten zu klein, daher entschloss sich Clemens Kurre 1987 einen neuen Betrieb im Gewerbegebiet Bar\u00dfel aufzubauen. Es entstand ein modernes Betriebsgeb\u00e4ude mit einer Hallennutzungsfl\u00e4che von rund 1100 m\u00b2.<\/p>\n<p>Doch in den folgenden Jahren expandierte das Unternehmen stets weiter und es mussten zus\u00e4tzliche Hallen errichtet werden. Diese haben eine Gr\u00f6\u00dfe von 2000m\u00b2 und befinden sich an dem heutigen Standort Harkebr\u00fcgge. Sein 36-j\u00e4hriger Sohn Michael, der Tischlermeister und Konstruktionsmechaniker f\u00fcr Technik und Metall ist, leitet dort den Bereich Aluminium- und Metallbau der Firma Kurre Metallbau. Nun bot sich f\u00fcr Clemens Kurre die einzigartige und wirtschaftliche Gelegenheit, seinen Betriebssitz in das Harkebr\u00fcgger Gewerbegebiet zu verlagern.<\/p>\n<\/div><\/section><br \/>\n\n<style type=\"text\/css\" data-created_by=\"avia_inline_auto\" id=\"style-css-av-6f0xx1-9483a3cbdc3a52609dbd601dfc6d6a4e\">\n#top .hr.hr-invisible.av-6f0xx1-9483a3cbdc3a52609dbd601dfc6d6a4e{\nheight:20px;\n}\n<\/style>\n<div  class='hr av-6f0xx1-9483a3cbdc3a52609dbd601dfc6d6a4e hr-invisible  avia-builder-el-10  el_after_av_textblock  avia-builder-el-last '><span class='hr-inner '><span class=\"hr-inner-style\"><\/span><\/span><\/div><\/p>\n<\/div><\/div>\n<\/div>\n<div id='welcome'  class='av-layout-grid-container av-51pde5-c47241b1bfeaf4619380906aa0dfb4fc entry-content-wrapper main_color av-fixed-cells  avia-builder-el-11  el_after_av_layout_row  el_before_av_layout_row  grid-row-not-first  container_wrap sidebar_right'  >\n\n<style type=\"text\/css\" data-created_by=\"avia_inline_auto\" id=\"style-css-av-hfd2l-c5942fa7e043e210acf28a3e55e375d4\">\n.flex_cell.av-hfd2l-c5942fa7e043e210acf28a3e55e375d4{\nvertical-align:top;\nheight:15px;\nmin-height:15px;\npadding:0px 0px 0px 0px;\nbackground-color:#719430;\n}\n<\/style>\n<div class='flex_cell av_one_fourth av-hfd2l-c5942fa7e043e210acf28a3e55e375d4 no_margin  avia-builder-el-12  el_before_av_cell_one_fourth  avia-builder-el-first  av-zero-padding' ><div class='flex_cell_inner'><\/div><\/div>\n<style type=\"text\/css\" data-created_by=\"avia_inline_auto\" id=\"style-css-av-4q75ct-7bb08edd9344a3ff6cf18a07a5210971\">\n.flex_cell.av-4q75ct-7bb08edd9344a3ff6cf18a07a5210971{\nvertical-align:top;\nheight:15px;\nmin-height:15px;\npadding:0px 0px 0px 0px;\nbackground-color:#92bb46;\n}\n<\/style>\n<div class='flex_cell av_one_fourth av-4q75ct-7bb08edd9344a3ff6cf18a07a5210971 no_margin  avia-builder-el-13  el_after_av_cell_one_fourth  el_before_av_cell_one_fourth  av-zero-padding' ><div class='flex_cell_inner'><\/div><\/div>\n<style type=\"text\/css\" data-created_by=\"avia_inline_auto\" id=\"style-css-av-4hv2vx-1f07b968a8957ab9dcc3903f1ed647d5\">\n.flex_cell.av-4hv2vx-1f07b968a8957ab9dcc3903f1ed647d5{\nvertical-align:top;\nheight:15px;\nmin-height:15px;\npadding:0px 0px 0px 0px;\nbackground-color:#acd464;\n}\n<\/style>\n<div class='flex_cell av_one_fourth av-4hv2vx-1f07b968a8957ab9dcc3903f1ed647d5 no_margin  avia-builder-el-14  el_after_av_cell_one_fourth  el_before_av_cell_one_fourth  av-zero-padding' ><div class='flex_cell_inner'><\/div><\/div>\n<style type=\"text\/css\" data-created_by=\"avia_inline_auto\" id=\"style-css-av-4crnhp-14d7689691fd0fffc0429682127e3848\">\n.flex_cell.av-4crnhp-14d7689691fd0fffc0429682127e3848{\nvertical-align:top;\nheight:15px;\nmin-height:15px;\npadding:0px 0px 0px 0px;\nbackground-color:#e1fbb2;\n}\n<\/style>\n<div class='flex_cell av_one_fourth av-4crnhp-14d7689691fd0fffc0429682127e3848 no_margin  avia-builder-el-15  el_after_av_cell_one_fourth  avia-builder-el-last  av-zero-padding' ><div class='flex_cell_inner'><\/div><\/div>\n<\/div>\n<div id='welcome'  class='av-layout-grid-container av-v484l-eeaa8fa864a2035db4a2b405fa41bd10 entry-content-wrapper main_color av-fixed-cells  avia-builder-el-16  el_after_av_layout_row  avia-builder-el-last  grid-row-not-first  container_wrap sidebar_right'  >\n\n<style type=\"text\/css\" data-created_by=\"avia_inline_auto\" id=\"style-css-av-s1ud1-107ce22f2faa39e98eb3e162b414d353\">\n.flex_cell.av-s1ud1-107ce22f2faa39e98eb3e162b414d353{\nvertical-align:top;\nheight:15px;\nmin-height:15px;\npadding:0px 0px 0px 0px;\nbackground-color:#719430;\n}\n<\/style>\n<div class='flex_cell av_one_fourth av-s1ud1-107ce22f2faa39e98eb3e162b414d353 no_margin  avia-builder-el-17  el_before_av_cell_one_fourth  avia-builder-el-first  av-zero-padding' ><div class='flex_cell_inner'><\/div><\/div>\n<style type=\"text\/css\" data-created_by=\"avia_inline_auto\" id=\"style-css-av-mzxr1-f2feda6bfd5347addd9668fc9380d513\">\n.flex_cell.av-mzxr1-f2feda6bfd5347addd9668fc9380d513{\nvertical-align:top;\nheight:15px;\nmin-height:15px;\npadding:0px 0px 0px 0px;\nbackground-color:#92bb46;\n}\n<\/style>\n<div class='flex_cell av_one_fourth av-mzxr1-f2feda6bfd5347addd9668fc9380d513 no_margin  avia-builder-el-18  el_after_av_cell_one_fourth  el_before_av_cell_one_fourth  av-zero-padding' ><div class='flex_cell_inner'><\/div><\/div>\n<style type=\"text\/css\" data-created_by=\"avia_inline_auto\" id=\"style-css-av-evo59-0457b80a64b1bfac04aecb975a31e6c2\">\n.flex_cell.av-evo59-0457b80a64b1bfac04aecb975a31e6c2{\nvertical-align:top;\nheight:15px;\nmin-height:15px;\npadding:0px 0px 0px 0px;\nbackground-color:#acd464;\n}\n<\/style>\n<div class='flex_cell av_one_fourth av-evo59-0457b80a64b1bfac04aecb975a31e6c2 no_margin  avia-builder-el-19  el_after_av_cell_one_fourth  el_before_av_cell_one_fourth  av-zero-padding' ><div class='flex_cell_inner'><\/div><\/div>\n<style type=\"text\/css\" data-created_by=\"avia_inline_auto\" id=\"style-css-av-bmg8l-6062c2eb7553dfc48ef9b1ab7d78f2d9\">\n.flex_cell.av-bmg8l-6062c2eb7553dfc48ef9b1ab7d78f2d9{\nvertical-align:top;\nheight:15px;\nmin-height:15px;\npadding:0px 0px 0px 0px;\nbackground-color:#e1fbb2;\n}\n<\/style>\n<div class='flex_cell av_one_fourth av-bmg8l-6062c2eb7553dfc48ef9b1ab7d78f2d9 no_margin  avia-builder-el-20  el_after_av_cell_one_fourth  avia-builder-el-last  av-zero-padding' ><div class='flex_cell_inner'><\/div><\/div>\n<\/div>\n","protected":false},"excerpt":{"rendered":"","protected":false},"author":1,"featured_media":0,"parent":0,"menu_order":0,"comment_status":"closed","ping_status":"closed","template":"","meta":{"footnotes":""},"class_list":["post-253","page","type-page","status-publish","hentry"],"_links":{"self":[{"href":"https:\/\/c-kurre.de\/wordpress\/index.php\/wp-json\/wp\/v2\/pages\/253","targetHints":{"allow":["GET"]}}],"collection":[{"href":"https:\/\/c-kurre.de\/wordpress\/index.php\/wp-json\/wp\/v2\/pages"}],"about":[{"href":"https:\/\/c-kurre.de\/wordpress\/index.php\/wp-json\/wp\/v2\/types\/page"}],"author":[{"embeddable":true,"href":"https:\/\/c-kurre.de\/wordpress\/index.php\/wp-json\/wp\/v2\/users\/1"}],"replies":[{"embeddable":true,"href":"https:\/\/c-kurre.de\/wordpress\/index.php\/wp-json\/wp\/v2\/comments?post=253"}],"version-history":[{"count":13,"href":"https:\/\/c-kurre.de\/wordpress\/index.php\/wp-json\/wp\/v2\/pages\/253\/revisions"}],"predecessor-version":[{"id":701,"href":"https:\/\/c-kurre.de\/wordpress\/index.php\/wp-json\/wp\/v2\/pages\/253\/revisions\/701"}],"wp:attachment":[{"href":"https:\/\/c-kurre.de\/wordpress\/index.php\/wp-json\/wp\/v2\/media?parent=253"}],"curies":[{"name":"wp","href":"https:\/\/api.w.org\/{rel}","templated":true}]}}